{"id":78,"date":"2013-09-12T08:02:25","date_gmt":"2013-09-12T08:02:25","guid":{"rendered":"http:\/\/wtbrueck.de\/?page_id=78"},"modified":"2018-05-30T16:47:55","modified_gmt":"2018-05-30T14:47:55","slug":"digitaldruck","status":"publish","type":"page","link":"https:\/\/wtbrueck.de\/?page_id=78","title":{"rendered":"Digitaldruck"},"content":{"rendered":"<p>Seit \u00fcber <a href=\"#\"><strong>zwanzig Jahren<\/strong><\/a> sind wir <a href=\"#\"><strong>Ihr Spezialist<\/strong><\/a> in Sachen <a href=\"#\"><strong>Digitaldruck<\/strong><\/a>. Verschaffen Sie sich hier einen ersten \u00dcberblick \u00fcber unser Portfolio:<\/p>\n<blockquote><p><a href=\"https:\/\/wtbrueck.de\/?page_id=31\"><img loading=\"lazy\" decoding=\"async\" class=\"size-thumbnail wp-image-82 alignleft\" src=\"https:\/\/wtbrueck.de\/wp-content\/uploads\/2013\/09\/Bauzaun-150x150.jpg\" alt=\"Bauzaunwerbung\" width=\"150\" height=\"150\"><\/a><\/p>\n<p><strong>BAUZAUNWERBUNG<\/strong><\/p>\n<p>Bauz\u00e4une begleiten uns t\u00e4glich duch unser Leben und sind aus dem Stadtbild nicht mehr wegzudenken. Was liegt also n\u00e4her, als dies attraktiven Werbefl\u00e4chen in Ihre Werbeplanung aktiv mit einzubinden.<\/p>\n<p>Ihre individuelle Bauzaunwerbung k\u00f6nnen Sie&nbsp; hier ganz unkompliziert bestellen.<\/p><\/blockquote>\n<p>&nbsp;<\/p>\n<p>&nbsp;<\/p>\n<blockquote><p><a href=\"https:\/\/wtbrueck.de\/?page_id=33\"><img loading=\"lazy\" decoding=\"async\" class=\"size-thumbnail wp-image-81 alignleft\" src=\"https:\/\/wtbrueck.de\/wp-content\/uploads\/2013\/09\/Aktionsbanner-150x150.jpg\" alt=\"Aktionsbanner\" width=\"150\" height=\"150\"><\/a><\/p>\n<p><strong>AKTIONSBANNER <\/strong><\/p>\n<p>Eine Aktion jagt die n\u00e4chste. In unserer schnelllebigen Zeit gewinnt man mit Schnelligkeit und genau die haben wir uns ganz oben auf das Aktionsbanner geschrieben.<\/p>\n<p>Ihren individuellen Aktionsbanner k\u00f6nnen Sie&nbsp; hier ganz unkompliziert bestellen.<\/p><\/blockquote>\n<p>&nbsp;<\/p>\n<p>&nbsp;<\/p>\n<blockquote><p><a href=\"https:\/\/wtbrueck.de\/?page_id=35\"><img loading=\"lazy\" decoding=\"async\" class=\"size-thumbnail wp-image-85 alignleft\" src=\"https:\/\/wtbrueck.de\/wp-content\/uploads\/2013\/09\/Geruestplanen-150x150.jpg\" alt=\"Ger\u00fcstplanen\" width=\"150\" height=\"150\"><\/a><\/p>\n<p><strong>GER\u00dcSTPLANEN<\/strong><\/p>\n<p>Bauger\u00fcste bieten viel Platz zur Entfaltung Ihrer Werbebotschaft. Nutzen Sie diese gro\u00dfformatigen Webefl\u00e4chen und setzen Sie sich gekonnt und auf jeden Fall schon von weitem sichtbar in Szene.<\/p>\n<p>Ihren individuelle Ger\u00fcstplane k\u00f6nnen Sie hier ganz unkompliziert bestellen.<\/p><\/blockquote>\n<p>&nbsp;<\/p>\n<p>&nbsp;<\/p>\n<blockquote><p><a href=\"https:\/\/wtbrueck.de\/?page_id=37\"><img loading=\"lazy\" decoding=\"async\" class=\"size-thumbnail wp-image-84 alignleft\" src=\"https:\/\/wtbrueck.de\/wp-content\/uploads\/2013\/09\/Fahrzeugbeschriftung-150x150.jpg\" alt=\"Fahrzeugbeschriftung\" width=\"150\" height=\"150\"><\/a><\/p>\n<p><strong>FAHRZEUGBESCHRIFTUNGEN<\/strong><\/p>\n<p>Nutzen Sie Ihren Fuhrpark als Eye-Catcher. Auf Wunsch gestalten Ihnen unsere Designer Ihr Fahrzeug so, dass es ein echter Hingucker wird. Die Fahrzeugbeschriftung duch unsere Werbetechniker kann auch gerne nach Ihren eigenen Entw\u00fcrfen vorgenommen werden. Steigern Sie den Bekanntheitsgrad Ihres Unternehmens deutlich!<\/p><\/blockquote>\n<p>&nbsp;<\/p>\n<p>&nbsp;<\/p>\n<blockquote><p><a href=\"https:\/\/wtbrueck.de\/?page_id=39\"><img loading=\"lazy\" decoding=\"async\" class=\"size-thumbnail wp-image-83 alignleft\" src=\"https:\/\/wtbrueck.de\/wp-content\/uploads\/2013\/09\/Fahne-150x150.jpg\" alt=\"Fahnen\" width=\"150\" height=\"150\"><\/a><\/p>\n<p><strong>FAHNEN<\/strong><\/p>\n<p>Zeigen Sie Flagge und hei\u00dfen Sie Ihre Besucher mit Ihrer eigenen Fahne willkommen.<\/p>\n<p>Sprechen Sie hierzu mit unseren fachkundigen Produktberatern unter der Tel.: <a href=\"#\"><strong>0251 \/ 71 0 22<\/strong><\/a>. Wir freuen uns auf Ihren Anruf!<\/p><\/blockquote>\n<p>&nbsp;<\/p>\n<p>&nbsp;<\/p>\n","protected":false},"excerpt":{"rendered":"<p>Seit \u00fcber zwanzig Jahren sind wir Ihr Spezialist in Sachen Digitaldruck. Verschaffen Sie sich hier einen ersten \u00dcberblick \u00fcber unser Portfolio: BAUZAUNWERBUNG Bauz\u00e4une begleiten uns t\u00e4glich duch unser Leben und sind aus dem Stadtbild nicht mehr wegzudenken. Was liegt also n\u00e4her, als dies attraktiven Werbefl\u00e4chen in Ihre Werbeplanung aktiv mit<a href=\"https:\/\/wtbrueck.de\/?page_id=78\" class=\"read-more\">Read More&#8230;<\/a><\/p>\n","protected":false},"author":1,"featured_media":0,"parent":0,"menu_order":0,"comment_status":"open","ping_status":"open","template":"","meta":{"ngg_post_thumbnail":0,"footnotes":""},"class_list":["post-78","page","type-page","status-publish","hentry"],"_links":{"self":[{"href":"https:\/\/wtbrueck.de\/index.php?rest_route=\/wp\/v2\/pages\/78","targetHints":{"allow":["GET"]}}],"collection":[{"href":"https:\/\/wtbrueck.de\/index.php?rest_route=\/wp\/v2\/pages"}],"about":[{"href":"https:\/\/wtbrueck.de\/index.php?rest_route=\/wp\/v2\/types\/page"}],"author":[{"embeddable":true,"href":"https:\/\/wtbrueck.de\/index.php?rest_route=\/wp\/v2\/users\/1"}],"replies":[{"embeddable":true,"href":"https:\/\/wtbrueck.de\/index.php?rest_route=%2Fwp%2Fv2%2Fcomments&post=78"}],"version-history":[{"count":51,"href":"https:\/\/wtbrueck.de\/index.php?rest_route=\/wp\/v2\/pages\/78\/revisions"}],"predecessor-version":[{"id":1691,"href":"https:\/\/wtbrueck.de\/index.php?rest_route=\/wp\/v2\/pages\/78\/revisions\/1691"}],"wp:attachment":[{"href":"https:\/\/wtbrueck.de\/index.php?rest_route=%2Fwp%2Fv2%2Fmedia&parent=78"}],"curies":[{"name":"wp","href":"https:\/\/api.w.org\/{rel}","templated":true}]}}