{"id":667,"date":"2014-07-15T16:51:26","date_gmt":"2014-07-15T14:51:26","guid":{"rendered":"http:\/\/wtbrueck.de\/?page_id=667"},"modified":"2015-03-05T16:37:09","modified_gmt":"2015-03-05T14:37:09","slug":"erleben-unsere-produktvielfalt","status":"publish","type":"page","link":"https:\/\/wtbrueck.de\/?page_id=667","title":{"rendered":"Erleben Sie unsere Produktvielfalt"},"content":{"rendered":"<p><strong>Au\u00dfenwerbung\u00a0<\/strong><br \/>\nEine gut platzierte Au\u00dfenwerbung ist die Visitenkarte Ihres Firmengeb\u00e4udes. Hier wei\u00df Ihr Besucher gleich, dass er bei Ihnen richtig ist.<\/p>\n<p><center>\n<div id=\"slideshow-714-69fc9d03cced3\" class=\"wk-slideshow wk-slideshow-default\" data-widgetkit=\"slideshow\" data-options='{\"style\":\"default\",\"autoplay\":0,\"interval\":5000,\"width\":800,\"height\":536,\"duration\":500,\"index\":0,\"order\":\"default\",\"navigation\":0,\"buttons\":1,\"slices\":20,\"animated\":\"fade\",\"caption_animation_duration\":500}'>\n\t<div>\n\t\t<ul class=\"slides\">\n\n\t\t\t\t\t\t\t\t\t<li>\n\t\t\t\t<article class=\"wk-content clearfix\"><a href=\"http:\/\/wtbrueck.de\/wp-content\/uploads\/2015\/02\/Au\u00dfen_00.jpg\"><img loading=\"lazy\" decoding=\"async\" src=\"http:\/\/wtbrueck.de\/wp-content\/uploads\/2015\/02\/Au\u00dfen_00.jpg\" alt=\"Au\u00dfen_00\" width=\"800\" height=\"536\" class=\"alignnone size-full wp-image-715\" srcset=\"https:\/\/wtbrueck.de\/wp-content\/uploads\/2015\/02\/Au\u00dfen_00.jpg 800w, https:\/\/wtbrueck.de\/wp-content\/uploads\/2015\/02\/Au\u00dfen_00-300x201.jpg 300w, https:\/\/wtbrueck.de\/wp-content\/uploads\/2015\/02\/Au\u00dfen_00-447x300.jpg 447w, https:\/\/wtbrueck.de\/wp-content\/uploads\/2015\/02\/Au\u00dfen_00-500x335.jpg 500w\" sizes=\"auto, (max-width: 800px) 100vw, 800px\" \/><\/a><\/article>\n\t\t\t<\/li>\n\t\t\t\t\t\t\t\t\t\t\t\t<li>\n\t\t\t\t<article class=\"wk-content clearfix\"><p><a href=\"http:\/\/wtbrueck.de\/wp-content\/uploads\/2015\/02\/Au\u00dfen_02.jpg\"><img loading=\"lazy\" decoding=\"async\" src=\"data:image\/gif;base64,R0lGODlhAQABAJEAAAAAAP\/\/\/\/\/\/\/wAAACH5BAEHAAIALAAAAAABAAEAAAICVAEAOw==\" data-src=\"http:\/\/wtbrueck.de\/wp-content\/uploads\/2015\/02\/Au\u00dfen_02.jpg\" alt=\"Sunplus\" width=\"800\" height=\"536\" class=\"alignnone size-full wp-image-719\" \/><\/a><\/p><\/article>\n\t\t\t<\/li>\n\t\t\t\t\t\t\t\t\t\t\t\t<li>\n\t\t\t\t<article class=\"wk-content clearfix\"><p><a href=\"http:\/\/wtbrueck.de\/wp-content\/uploads\/2015\/02\/Au\u00dfen_03.jpg\"><img loading=\"lazy\" decoding=\"async\" src=\"data:image\/gif;base64,R0lGODlhAQABAJEAAAAAAP\/\/\/\/\/\/\/wAAACH5BAEHAAIALAAAAAABAAEAAAICVAEAOw==\" data-src=\"http:\/\/wtbrueck.de\/wp-content\/uploads\/2015\/02\/Au\u00dfen_03.jpg\" alt=\"Sunplus\" width=\"800\" height=\"536\" class=\"alignnone size-full wp-image-718\" \/><\/a><\/p><\/article>\n\t\t\t<\/li>\n\t\t\t\t\t\t\t\t\t\t\t\t<li>\n\t\t\t\t<article class=\"wk-content clearfix\"><a href=\"http:\/\/wtbrueck.de\/wp-content\/uploads\/2015\/02\/Au\u00dfen_04.jpg\"><img loading=\"lazy\" decoding=\"async\" src=\"data:image\/gif;base64,R0lGODlhAQABAJEAAAAAAP\/\/\/\/\/\/\/wAAACH5BAEHAAIALAAAAAABAAEAAAICVAEAOw==\" data-src=\"http:\/\/wtbrueck.de\/wp-content\/uploads\/2015\/02\/Au\u00dfen_04.jpg\" alt=\"Au\u00dfen_04\" width=\"800\" height=\"536\" class=\"alignnone size-full wp-image-717\" \/><\/a><\/article>\n\t\t\t<\/li>\n\t\t\t\t\t\t\t\t<\/ul>\n\t\t<div class=\"next\"><\/div><div class=\"prev\"><\/div>\t\t<div class=\"caption\"><\/div><ul class=\"captions\"><li><\/li><li><\/li><li><\/li><li><\/li><\/ul>\n\t<\/div>\n\t<\/div><\/center>&nbsp;<\/p>\n<p><strong>Banner &amp; Systeme<\/strong><br \/>\nXXL-Banner bieten viel Platz zur Entfaltung Ihrer Werbebotschaft. Nutzen Sie diese gro\u00dfformatigen Werbefl\u00e4chen und setzen Sie sich gekonnt in Szene.<\/p>\n<p><center>\n<div id=\"slideshow-666-69fc9d03d2203\" class=\"wk-slideshow wk-slideshow-default\" data-widgetkit=\"slideshow\" data-options='{\"style\":\"default\",\"autoplay\":0,\"interval\":5000,\"width\":800,\"height\":536,\"duration\":500,\"index\":0,\"order\":\"default\",\"navigation\":0,\"buttons\":1,\"slices\":20,\"animated\":\"fade\",\"caption_animation_duration\":500}'>\n\t<div>\n\t\t<ul class=\"slides\">\n\n\t\t\t\t\t\t\t\t\t<li>\n\t\t\t\t<article class=\"wk-content clearfix\"><p><a href=\"http:\/\/wtbrueck.de\/wp-content\/uploads\/2015\/02\/System_00.jpg\"><img loading=\"lazy\" decoding=\"async\" src=\"http:\/\/wtbrueck.de\/wp-content\/uploads\/2015\/02\/System_00.jpg\" alt=\"System_00\" width=\"800\" height=\"536\" class=\"alignnone size-full wp-image-708\" srcset=\"https:\/\/wtbrueck.de\/wp-content\/uploads\/2015\/02\/System_00.jpg 800w, https:\/\/wtbrueck.de\/wp-content\/uploads\/2015\/02\/System_00-300x201.jpg 300w, https:\/\/wtbrueck.de\/wp-content\/uploads\/2015\/02\/System_00-447x300.jpg 447w, https:\/\/wtbrueck.de\/wp-content\/uploads\/2015\/02\/System_00-500x335.jpg 500w\" sizes=\"auto, (max-width: 800px) 100vw, 800px\" \/><\/a><\/p><\/article>\n\t\t\t<\/li>\n\t\t\t\t\t\t\t\t\t\t\t\t<li>\n\t\t\t\t<article class=\"wk-content clearfix\"><p><a href=\"http:\/\/wtbrueck.de\/wp-content\/uploads\/2015\/02\/System_021.jpg\"><img loading=\"lazy\" decoding=\"async\" src=\"data:image\/gif;base64,R0lGODlhAQABAJEAAAAAAP\/\/\/\/\/\/\/wAAACH5BAEHAAIALAAAAAABAAEAAAICVAEAOw==\" data-src=\"http:\/\/wtbrueck.de\/wp-content\/uploads\/2015\/02\/System_021.jpg\" alt=\"System_02\" width=\"800\" height=\"536\" class=\"alignnone size-full wp-image-710\" \/><\/a><\/p><\/article>\n\t\t\t<\/li>\n\t\t\t\t\t\t\t\t\t\t\t\t<li>\n\t\t\t\t<article class=\"wk-content clearfix\"><p><a href=\"http:\/\/wtbrueck.de\/wp-content\/uploads\/2015\/02\/System_031.jpg\"><img loading=\"lazy\" decoding=\"async\" src=\"data:image\/gif;base64,R0lGODlhAQABAJEAAAAAAP\/\/\/\/\/\/\/wAAACH5BAEHAAIALAAAAAABAAEAAAICVAEAOw==\" data-src=\"http:\/\/wtbrueck.de\/wp-content\/uploads\/2015\/02\/System_031.jpg\" alt=\"System_03\" width=\"800\" height=\"536\" class=\"alignnone size-full wp-image-709\" \/><\/a><\/p><\/article>\n\t\t\t<\/li>\n\t\t\t\t\t\t\t\t\t\t\t\t<li>\n\t\t\t\t<article class=\"wk-content clearfix\"><a href=\"http:\/\/wtbrueck.de\/wp-content\/uploads\/2015\/02\/System_041.jpg\"><img loading=\"lazy\" decoding=\"async\" src=\"data:image\/gif;base64,R0lGODlhAQABAJEAAAAAAP\/\/\/\/\/\/\/wAAACH5BAEHAAIALAAAAAABAAEAAAICVAEAOw==\" data-src=\"http:\/\/wtbrueck.de\/wp-content\/uploads\/2015\/02\/System_041.jpg\" alt=\"System_04\" width=\"800\" height=\"536\" class=\"alignnone size-full wp-image-711\" \/><\/a><\/article>\n\t\t\t<\/li>\n\t\t\t\t\t\t\t\t\t\t\t\t<li>\n\t\t\t\t<article class=\"wk-content clearfix\"><a href=\"http:\/\/wtbrueck.de\/wp-content\/uploads\/2015\/02\/System_051.jpg\"><img loading=\"lazy\" decoding=\"async\" src=\"data:image\/gif;base64,R0lGODlhAQABAJEAAAAAAP\/\/\/\/\/\/\/wAAACH5BAEHAAIALAAAAAABAAEAAAICVAEAOw==\" data-src=\"http:\/\/wtbrueck.de\/wp-content\/uploads\/2015\/02\/System_051.jpg\" alt=\"System_05\" width=\"800\" height=\"536\" class=\"alignnone size-full wp-image-712\" \/><\/a><\/article>\n\t\t\t<\/li>\n\t\t\t\t\t\t\t\t<\/ul>\n\t\t<div class=\"next\"><\/div><div class=\"prev\"><\/div>\t\t<div class=\"caption\"><\/div><ul class=\"captions\"><li><\/li><li><\/li><li><\/li><li><\/li><li><\/li><\/ul>\n\t<\/div>\n\t<\/div><\/center>&nbsp;<\/p>\n<p><strong>Bauzaunwerbung\u00a0&amp; Ger\u00fcstplanen<\/strong><\/p>\n<p>Bauz\u00e4une begleiten uns t\u00e4glich duch unser Leben und sind aus dem Stadtbild nicht mehr wegzudenken. Was liegt also n\u00e4her, als diese attraktiven Werbefl\u00e4chen in Ihre Werbeplanung aktiv mit einzubinden. Bauger\u00fcste bieten viel Platz zur Entfaltung Ihrer Werbebotschaft. Nutzen Sie diese gro\u00dfformatigen Werbefl\u00e4chen und setzen Sie sich gekonnt und auf jeden Fall schon von weitem sichtbar in Szene.<\/p>\n<p><center>Widget  not found!<\/center>&nbsp;<\/p>\n<p><strong>Fahnen<\/strong><br \/>\nZeigen Sie Flagge und hei\u00dfen Sie Ihre Besucher mit Ihrer eigenen Fahne willkommen!<\/p>\n<p><center>\n<div id=\"slideshow-724-69fc9d03d2779\" class=\"wk-slideshow wk-slideshow-default\" data-widgetkit=\"slideshow\" data-options='{\"style\":\"default\",\"autoplay\":0,\"interval\":5000,\"width\":800,\"height\":536,\"duration\":500,\"index\":0,\"order\":\"default\",\"navigation\":0,\"buttons\":1,\"slices\":20,\"animated\":\"fade\",\"caption_animation_duration\":500}'>\n\t<div>\n\t\t<ul class=\"slides\">\n\n\t\t\t\t\t\t\t\t\t<li>\n\t\t\t\t<article class=\"wk-content clearfix\"><a href=\"http:\/\/wtbrueck.de\/wp-content\/uploads\/2015\/02\/Fahnen_00.jpg\"><img loading=\"lazy\" decoding=\"async\" src=\"http:\/\/wtbrueck.de\/wp-content\/uploads\/2015\/02\/Fahnen_00.jpg\" alt=\"Fahnen_00\" width=\"800\" height=\"536\" class=\"alignnone size-full wp-image-720\" srcset=\"https:\/\/wtbrueck.de\/wp-content\/uploads\/2015\/02\/Fahnen_00.jpg 800w, https:\/\/wtbrueck.de\/wp-content\/uploads\/2015\/02\/Fahnen_00-300x201.jpg 300w, https:\/\/wtbrueck.de\/wp-content\/uploads\/2015\/02\/Fahnen_00-447x300.jpg 447w, https:\/\/wtbrueck.de\/wp-content\/uploads\/2015\/02\/Fahnen_00-500x335.jpg 500w\" sizes=\"auto, (max-width: 800px) 100vw, 800px\" \/><\/a><\/article>\n\t\t\t<\/li>\n\t\t\t\t\t\t\t\t\t\t\t\t<li>\n\t\t\t\t<article class=\"wk-content clearfix\"><p><a href=\"http:\/\/wtbrueck.de\/wp-content\/uploads\/2015\/02\/Fahnen_02.jpg\"><img loading=\"lazy\" decoding=\"async\" src=\"data:image\/gif;base64,R0lGODlhAQABAJEAAAAAAP\/\/\/\/\/\/\/wAAACH5BAEHAAIALAAAAAABAAEAAAICVAEAOw==\" data-src=\"http:\/\/wtbrueck.de\/wp-content\/uploads\/2015\/02\/Fahnen_02.jpg\" alt=\"Fahnen_02\" width=\"800\" height=\"536\" class=\"alignnone size-full wp-image-721\" \/><\/a><\/p><\/article>\n\t\t\t<\/li>\n\t\t\t\t\t\t\t\t\t\t\t\t<li>\n\t\t\t\t<article class=\"wk-content clearfix\"><p><a href=\"http:\/\/wtbrueck.de\/wp-content\/uploads\/2015\/02\/Fahnen_03.jpg\"><img loading=\"lazy\" decoding=\"async\" src=\"data:image\/gif;base64,R0lGODlhAQABAJEAAAAAAP\/\/\/\/\/\/\/wAAACH5BAEHAAIALAAAAAABAAEAAAICVAEAOw==\" data-src=\"http:\/\/wtbrueck.de\/wp-content\/uploads\/2015\/02\/Fahnen_03.jpg\" alt=\"Fahnen_03\" width=\"800\" height=\"536\" class=\"alignnone size-full wp-image-722\" \/><\/a><\/p><\/article>\n\t\t\t<\/li>\n\t\t\t\t\t\t\t\t<\/ul>\n\t\t<div class=\"next\"><\/div><div class=\"prev\"><\/div>\t\t<div class=\"caption\"><\/div><ul class=\"captions\"><li><\/li><li><\/li><li><\/li><\/ul>\n\t<\/div>\n\t<\/div><\/center>&nbsp;<\/p>\n<p><strong>Folienbeschriftung<\/strong><br \/>\nFolienbeschriftungen sind eine vielf\u00e4ltig einsetzbare Werbema\u00dfnahme. Nutzen Sie auch Ihren Fuhrpark als Eye-Catcher. Auf Wunsch gestalten Ihnen unsere Designer Ihr Fahrzeug so, dass es ein echter Hingucker wird.<\/p>\n<p><center>\n<div id=\"slideshow-730-69fc9d03d2ac8\" class=\"wk-slideshow wk-slideshow-default\" data-widgetkit=\"slideshow\" data-options='{\"style\":\"default\",\"autoplay\":0,\"interval\":5000,\"width\":800,\"height\":536,\"duration\":500,\"index\":0,\"order\":\"default\",\"navigation\":0,\"buttons\":1,\"slices\":20,\"animated\":\"fade\",\"caption_animation_duration\":500}'>\n\t<div>\n\t\t<ul class=\"slides\">\n\n\t\t\t\t\t\t\t\t\t<li>\n\t\t\t\t<article class=\"wk-content clearfix\"><a href=\"http:\/\/wtbrueck.de\/wp-content\/uploads\/2015\/02\/Folien_00.jpg\"><img loading=\"lazy\" decoding=\"async\" src=\"http:\/\/wtbrueck.de\/wp-content\/uploads\/2015\/02\/Folien_00.jpg\" alt=\"Folien_00\" width=\"800\" height=\"536\" class=\"alignnone size-full wp-image-725\" srcset=\"https:\/\/wtbrueck.de\/wp-content\/uploads\/2015\/02\/Folien_00.jpg 800w, https:\/\/wtbrueck.de\/wp-content\/uploads\/2015\/02\/Folien_00-300x201.jpg 300w, https:\/\/wtbrueck.de\/wp-content\/uploads\/2015\/02\/Folien_00-447x300.jpg 447w, https:\/\/wtbrueck.de\/wp-content\/uploads\/2015\/02\/Folien_00-500x335.jpg 500w\" sizes=\"auto, (max-width: 800px) 100vw, 800px\" \/><\/a><\/article>\n\t\t\t<\/li>\n\t\t\t\t\t\t\t\t\t\t\t\t<li>\n\t\t\t\t<article class=\"wk-content clearfix\"><p><a href=\"http:\/\/wtbrueck.de\/wp-content\/uploads\/2015\/02\/Folien_02.jpg\"><img loading=\"lazy\" decoding=\"async\" src=\"data:image\/gif;base64,R0lGODlhAQABAJEAAAAAAP\/\/\/\/\/\/\/wAAACH5BAEHAAIALAAAAAABAAEAAAICVAEAOw==\" data-src=\"http:\/\/wtbrueck.de\/wp-content\/uploads\/2015\/02\/Folien_02.jpg\" alt=\"Folien_02\" width=\"800\" height=\"536\" class=\"alignnone size-full wp-image-726\" \/><\/a><\/p><\/article>\n\t\t\t<\/li>\n\t\t\t\t\t\t\t\t\t\t\t\t<li>\n\t\t\t\t<article class=\"wk-content clearfix\"><p><a href=\"http:\/\/wtbrueck.de\/wp-content\/uploads\/2015\/02\/Folien_03.jpg\"><img loading=\"lazy\" decoding=\"async\" src=\"data:image\/gif;base64,R0lGODlhAQABAJEAAAAAAP\/\/\/\/\/\/\/wAAACH5BAEHAAIALAAAAAABAAEAAAICVAEAOw==\" data-src=\"http:\/\/wtbrueck.de\/wp-content\/uploads\/2015\/02\/Folien_03.jpg\" alt=\"Folien_03\" width=\"800\" height=\"536\" class=\"alignnone size-full wp-image-727\" \/><\/a><\/p><\/article>\n\t\t\t<\/li>\n\t\t\t\t\t\t\t\t\t\t\t\t<li>\n\t\t\t\t<article class=\"wk-content clearfix\"><a href=\"http:\/\/wtbrueck.de\/wp-content\/uploads\/2015\/02\/Folien_04.jpg\"><img loading=\"lazy\" decoding=\"async\" src=\"data:image\/gif;base64,R0lGODlhAQABAJEAAAAAAP\/\/\/\/\/\/\/wAAACH5BAEHAAIALAAAAAABAAEAAAICVAEAOw==\" data-src=\"http:\/\/wtbrueck.de\/wp-content\/uploads\/2015\/02\/Folien_04.jpg\" alt=\"Folien_04\" width=\"800\" height=\"536\" class=\"alignnone size-full wp-image-728\" \/><\/a><\/article>\n\t\t\t<\/li>\n\t\t\t\t\t\t\t\t\t\t\t\t<li>\n\t\t\t\t<article class=\"wk-content clearfix\"><a href=\"http:\/\/wtbrueck.de\/wp-content\/uploads\/2015\/02\/Folien_05.jpg\"><img loading=\"lazy\" decoding=\"async\" src=\"data:image\/gif;base64,R0lGODlhAQABAJEAAAAAAP\/\/\/\/\/\/\/wAAACH5BAEHAAIALAAAAAABAAEAAAICVAEAOw==\" data-src=\"http:\/\/wtbrueck.de\/wp-content\/uploads\/2015\/02\/Folien_05.jpg\" alt=\"Folien_05\" width=\"800\" height=\"536\" class=\"alignnone size-full wp-image-729\" \/><\/a><\/article>\n\t\t\t<\/li>\n\t\t\t\t\t\t\t\t<\/ul>\n\t\t<div class=\"next\"><\/div><div class=\"prev\"><\/div>\t\t<div class=\"caption\"><\/div><ul class=\"captions\"><li><\/li><li><\/li><li><\/li><li><\/li><li><\/li><\/ul>\n\t<\/div>\n\t<\/div><\/center>&nbsp;<\/p>\n<p><strong>Mesh &amp; Netz<\/strong><br \/>\nBESCHREIBUNG EINF\u00dcGEN<\/p>\n<p><center>\n<div id=\"slideshow-742-69fc9d03d2e2e\" class=\"wk-slideshow wk-slideshow-default\" data-widgetkit=\"slideshow\" data-options='{\"style\":\"default\",\"autoplay\":0,\"interval\":5000,\"width\":800,\"height\":536,\"duration\":500,\"index\":0,\"order\":\"default\",\"navigation\":0,\"buttons\":1,\"slices\":20,\"animated\":\"fade\",\"caption_animation_duration\":500}'>\n\t<div>\n\t\t<ul class=\"slides\">\n\n\t\t\t\t\t\t\t\t\t<li>\n\t\t\t\t<article class=\"wk-content clearfix\"><a href=\"http:\/\/wtbrueck.de\/wp-content\/uploads\/2015\/02\/Mesh_00.jpg\"><img loading=\"lazy\" decoding=\"async\" src=\"http:\/\/wtbrueck.de\/wp-content\/uploads\/2015\/02\/Mesh_00.jpg\" alt=\"Mesh_00\" width=\"800\" height=\"536\" class=\"alignnone size-full wp-image-737\" srcset=\"https:\/\/wtbrueck.de\/wp-content\/uploads\/2015\/02\/Mesh_00.jpg 800w, https:\/\/wtbrueck.de\/wp-content\/uploads\/2015\/02\/Mesh_00-300x201.jpg 300w, https:\/\/wtbrueck.de\/wp-content\/uploads\/2015\/02\/Mesh_00-447x300.jpg 447w, https:\/\/wtbrueck.de\/wp-content\/uploads\/2015\/02\/Mesh_00-500x335.jpg 500w\" sizes=\"auto, (max-width: 800px) 100vw, 800px\" \/><\/a><\/article>\n\t\t\t<\/li>\n\t\t\t\t\t\t\t\t\t\t\t\t<li>\n\t\t\t\t<article class=\"wk-content clearfix\"><p><a href=\"http:\/\/wtbrueck.de\/wp-content\/uploads\/2015\/02\/Mesh_02.jpg\"><img loading=\"lazy\" decoding=\"async\" src=\"data:image\/gif;base64,R0lGODlhAQABAJEAAAAAAP\/\/\/\/\/\/\/wAAACH5BAEHAAIALAAAAAABAAEAAAICVAEAOw==\" data-src=\"http:\/\/wtbrueck.de\/wp-content\/uploads\/2015\/02\/Mesh_02.jpg\" alt=\"Mesh_02\" width=\"800\" height=\"536\" class=\"alignnone size-full wp-image-741\" \/><\/a><\/p><\/article>\n\t\t\t<\/li>\n\t\t\t\t\t\t\t\t\t\t\t\t<li>\n\t\t\t\t<article class=\"wk-content clearfix\"><p><a href=\"http:\/\/wtbrueck.de\/wp-content\/uploads\/2015\/02\/Mesh_03.jpg\"><img loading=\"lazy\" decoding=\"async\" src=\"data:image\/gif;base64,R0lGODlhAQABAJEAAAAAAP\/\/\/\/\/\/\/wAAACH5BAEHAAIALAAAAAABAAEAAAICVAEAOw==\" data-src=\"http:\/\/wtbrueck.de\/wp-content\/uploads\/2015\/02\/Mesh_03.jpg\" alt=\"Mesh_03\" width=\"800\" height=\"536\" class=\"alignnone size-full wp-image-740\" \/><\/a><\/p><\/article>\n\t\t\t<\/li>\n\t\t\t\t\t\t\t\t\t\t\t\t<li>\n\t\t\t\t<article class=\"wk-content clearfix\"><a href=\"http:\/\/wtbrueck.de\/wp-content\/uploads\/2015\/02\/Mesh_04.jpg\"><img loading=\"lazy\" decoding=\"async\" src=\"data:image\/gif;base64,R0lGODlhAQABAJEAAAAAAP\/\/\/\/\/\/\/wAAACH5BAEHAAIALAAAAAABAAEAAAICVAEAOw==\" data-src=\"http:\/\/wtbrueck.de\/wp-content\/uploads\/2015\/02\/Mesh_04.jpg\" alt=\"Mesh_04\" width=\"800\" height=\"536\" class=\"alignnone size-full wp-image-739\" \/><\/a><\/article>\n\t\t\t<\/li>\n\t\t\t\t\t\t\t\t\t\t\t\t<li>\n\t\t\t\t<article class=\"wk-content clearfix\"><a href=\"http:\/\/wtbrueck.de\/wp-content\/uploads\/2015\/02\/Mesh_05.jpg\"><img loading=\"lazy\" decoding=\"async\" src=\"data:image\/gif;base64,R0lGODlhAQABAJEAAAAAAP\/\/\/\/\/\/\/wAAACH5BAEHAAIALAAAAAABAAEAAAICVAEAOw==\" data-src=\"http:\/\/wtbrueck.de\/wp-content\/uploads\/2015\/02\/Mesh_05.jpg\" alt=\"Mesh_05\" width=\"800\" height=\"536\" class=\"alignnone size-full wp-image-738\" \/><\/a><\/article>\n\t\t\t<\/li>\n\t\t\t\t\t\t\t\t<\/ul>\n\t\t<div class=\"next\"><\/div><div class=\"prev\"><\/div>\t\t<div class=\"caption\"><\/div><ul class=\"captions\"><li><\/li><li><\/li><li><\/li><li><\/li><li><\/li><\/ul>\n\t<\/div>\n\t<\/div><\/center>&nbsp;<\/p>\n<p><strong>Schilder<\/strong><br \/>\nBESCHREIBUNG EINF\u00dcGEN<\/p>\n<p><center>Widget  not found!<\/center>&nbsp;<\/p>\n","protected":false},"excerpt":{"rendered":"<p>Au\u00dfenwerbung\u00a0 Eine gut platzierte Au\u00dfenwerbung ist die Visitenkarte Ihres Firmengeb\u00e4udes. Hier wei\u00df Ihr Besucher gleich, dass er bei Ihnen richtig ist. &nbsp; Banner &amp; Systeme XXL-Banner bieten viel Platz zur Entfaltung Ihrer Werbebotschaft. Nutzen Sie diese gro\u00dfformatigen Werbefl\u00e4chen und setzen Sie sich gekonnt in Szene. &nbsp; Bauzaunwerbung\u00a0&amp; Ger\u00fcstplanen Bauz\u00e4une begleiten<a href=\"https:\/\/wtbrueck.de\/?page_id=667\" class=\"read-more\">Read More&#8230;<\/a><\/p>\n","protected":false},"author":7,"featured_media":0,"parent":78,"menu_order":0,"comment_status":"open","ping_status":"open","template":"fullwidth.php","meta":{"ngg_post_thumbnail":0,"footnotes":""},"class_list":["post-667","page","type-page","status-publish","hentry"],"_links":{"self":[{"href":"https:\/\/wtbrueck.de\/index.php?rest_route=\/wp\/v2\/pages\/667","targetHints":{"allow":["GET"]}}],"collection":[{"href":"https:\/\/wtbrueck.de\/index.php?rest_route=\/wp\/v2\/pages"}],"about":[{"href":"https:\/\/wtbrueck.de\/index.php?rest_route=\/wp\/v2\/types\/page"}],"author":[{"embeddable":true,"href":"https:\/\/wtbrueck.de\/index.php?rest_route=\/wp\/v2\/users\/7"}],"replies":[{"embeddable":true,"href":"https:\/\/wtbrueck.de\/index.php?rest_route=%2Fwp%2Fv2%2Fcomments&post=667"}],"version-history":[{"count":8,"href":"https:\/\/wtbrueck.de\/index.php?rest_route=\/wp\/v2\/pages\/667\/revisions"}],"predecessor-version":[{"id":753,"href":"https:\/\/wtbrueck.de\/index.php?rest_route=\/wp\/v2\/pages\/667\/revisions\/753"}],"up":[{"embeddable":true,"href":"https:\/\/wtbrueck.de\/index.php?rest_route=\/wp\/v2\/pages\/78"}],"wp:attachment":[{"href":"https:\/\/wtbrueck.de\/index.php?rest_route=%2Fwp%2Fv2%2Fmedia&parent=667"}],"curies":[{"name":"wp","href":"https:\/\/api.w.org\/{rel}","templated":true}]}}