{"id":552,"date":"2013-10-25T13:26:11","date_gmt":"2013-10-25T11:26:11","guid":{"rendered":"http:\/\/wtbrueck.de\/?page_id=552"},"modified":"2018-05-30T16:25:34","modified_gmt":"2018-05-30T14:25:34","slug":"xxl-banner","status":"publish","type":"page","link":"https:\/\/wtbrueck.de\/?page_id=552","title":{"rendered":"XXL-Banner"},"content":{"rendered":"<p>XXL-Banner bieten viel Platz zur Entfaltung Ihrer Werbebotschaft. Nutzen Sie diese gro\u00dfformatigen Webefl\u00e4chen und setzen Sie sich gekonnt und auf jeden Fall schon von weitem sichtbar in Szene.<\/p>\n<p>Ihre individuellen <a href=\"#\"><strong>XXL-Banner<\/strong><\/a> k\u00f6nnen Sie bei uns ganz unkompliziert bestellen.<br \/>\nngg_shortcode_0_placeholderKontaktieren Sie unsere Produktberater telefonisch \u00fcber die <a href=\"#\"><strong>0251 \/ 71 0 22<\/strong><\/a>.<\/p>\n","protected":false},"excerpt":{"rendered":"<p>XXL-Banner bieten viel Platz zur Entfaltung Ihrer Werbebotschaft. Nutzen Sie diese gro\u00dfformatigen Webefl\u00e4chen und setzen Sie sich gekonnt und auf jeden Fall schon von weitem sichtbar in Szene. Ihre individuellen XXL-Banner k\u00f6nnen Sie bei uns ganz unkompliziert bestellen. Kontaktieren Sie unsere Produktberater telefonisch \u00fcber die 0251 \/ 71 0 22.<\/p>\n","protected":false},"author":1,"featured_media":0,"parent":0,"menu_order":0,"comment_status":"open","ping_status":"open","template":"","meta":{"ngg_post_thumbnail":0,"footnotes":""},"class_list":["post-552","page","type-page","status-publish","hentry"],"_links":{"self":[{"href":"https:\/\/wtbrueck.de\/index.php?rest_route=\/wp\/v2\/pages\/552","targetHints":{"allow":["GET"]}}],"collection":[{"href":"https:\/\/wtbrueck.de\/index.php?rest_route=\/wp\/v2\/pages"}],"about":[{"href":"https:\/\/wtbrueck.de\/index.php?rest_route=\/wp\/v2\/types\/page"}],"author":[{"embeddable":true,"href":"https:\/\/wtbrueck.de\/index.php?rest_route=\/wp\/v2\/users\/1"}],"replies":[{"embeddable":true,"href":"https:\/\/wtbrueck.de\/index.php?rest_route=%2Fwp%2Fv2%2Fcomments&post=552"}],"version-history":[{"count":5,"href":"https:\/\/wtbrueck.de\/index.php?rest_route=\/wp\/v2\/pages\/552\/revisions"}],"predecessor-version":[{"id":1671,"href":"https:\/\/wtbrueck.de\/index.php?rest_route=\/wp\/v2\/pages\/552\/revisions\/1671"}],"wp:attachment":[{"href":"https:\/\/wtbrueck.de\/index.php?rest_route=%2Fwp%2Fv2%2Fmedia&parent=552"}],"curies":[{"name":"wp","href":"https:\/\/api.w.org\/{rel}","templated":true}]}}