{"id":48,"date":"2013-09-12T07:32:24","date_gmt":"2013-09-12T07:32:24","guid":{"rendered":"http:\/\/wtbrueck.de\/?page_id=48"},"modified":"2013-10-18T11:26:18","modified_gmt":"2013-10-18T09:26:18","slug":"impressum","status":"publish","type":"page","link":"https:\/\/wtbrueck.de\/?page_id=48","title":{"rendered":"Impressum"},"content":{"rendered":"<p><strong>Werbetechnik W &amp; T Br\u00fcck GmbH<\/strong><br \/>\nGesch\u00e4ftsf\u00fchrung<br \/>\nWerner Br\u00fcck<br \/>\nSpichernstra\u00dfe 26<br \/>\n48153 M\u00fcnster<\/p>\n<p>Fon: 0251-71 022<br \/>\nFax: 0251-71 28 63<br \/>\ninfo@wtbrueck.de<\/p>\n<p>Steuer-Nr.: 337 \/ 5907 \/ 1076<br \/>\nUSt-IdNr.: DE 126038927<br \/>\n(im Sinne des \u00a7 27a Umsatzsteuergesetz)<\/p>\n<p>Gesamtbetreuung: <strong>Toghay Peimann<\/strong>, Spichernstra\u00dfe 26, 48153 M\u00fcnster<\/p>\n<p>&nbsp;<\/p>\n<p><em><strong>Haftungshinweis:<\/strong><\/em><br \/>\nTrotz sorgf\u00e4ltiger inhaltlicher Kontrolle \u00fcbernehmen wir keine Haftung f\u00fcr die Inhalte externer Links. F\u00fcr den Inhalt der verlinkten Seiten sind ausschlie\u00dflich deren Betreiber verantwortlich.<\/p>\n<p><a title=\"Stoffdrucke\" href=\"https:\/\/wtbrueck.de\/?page_id=399\"><img loading=\"lazy\" decoding=\"async\" class=\"alignnone  wp-image-67\" alt=\"aktionsbanner_klein\" src=\"https:\/\/wtbrueck.de\/wp-content\/uploads\/2013\/09\/aktionsbanner_klein.jpg\" width=\"200\" height=\"100\" \/><\/a><\/p>\n<p>&nbsp;<\/p>\n","protected":false},"excerpt":{"rendered":"<p>Werbetechnik W &amp; T Br\u00fcck GmbH Gesch\u00e4ftsf\u00fchrung Werner Br\u00fcck Spichernstra\u00dfe 26 48153 M\u00fcnster Fon: 0251-71 022 Fax: 0251-71 28 63 info@wtbrueck.de Steuer-Nr.: 337 \/ 5907 \/ 1076 USt-IdNr.: DE 126038927 (im Sinne des \u00a7 27a Umsatzsteuergesetz) Gesamtbetreuung: Toghay Peimann, Spichernstra\u00dfe 26, 48153 M\u00fcnster &nbsp; Haftungshinweis: Trotz sorgf\u00e4ltiger inhaltlicher Kontrolle \u00fcbernehmen<a href=\"https:\/\/wtbrueck.de\/?page_id=48\" class=\"read-more\">Read More&#8230;<\/a><\/p>\n","protected":false},"author":1,"featured_media":0,"parent":0,"menu_order":0,"comment_status":"open","ping_status":"open","template":"","meta":{"ngg_post_thumbnail":0,"footnotes":""},"class_list":["post-48","page","type-page","status-publish","hentry"],"_links":{"self":[{"href":"https:\/\/wtbrueck.de\/index.php?rest_route=\/wp\/v2\/pages\/48","targetHints":{"allow":["GET"]}}],"collection":[{"href":"https:\/\/wtbrueck.de\/index.php?rest_route=\/wp\/v2\/pages"}],"about":[{"href":"https:\/\/wtbrueck.de\/index.php?rest_route=\/wp\/v2\/types\/page"}],"author":[{"embeddable":true,"href":"https:\/\/wtbrueck.de\/index.php?rest_route=\/wp\/v2\/users\/1"}],"replies":[{"embeddable":true,"href":"https:\/\/wtbrueck.de\/index.php?rest_route=%2Fwp%2Fv2%2Fcomments&post=48"}],"version-history":[{"count":8,"href":"https:\/\/wtbrueck.de\/index.php?rest_route=\/wp\/v2\/pages\/48\/revisions"}],"predecessor-version":[{"id":529,"href":"https:\/\/wtbrueck.de\/index.php?rest_route=\/wp\/v2\/pages\/48\/revisions\/529"}],"wp:attachment":[{"href":"https:\/\/wtbrueck.de\/index.php?rest_route=%2Fwp%2Fv2%2Fmedia&parent=48"}],"curies":[{"name":"wp","href":"https:\/\/api.w.org\/{rel}","templated":true}]}}