{"id":37,"date":"2013-09-12T07:29:49","date_gmt":"2013-09-12T07:29:49","guid":{"rendered":"http:\/\/wtbrueck.de\/?page_id=37"},"modified":"2017-03-08T18:28:00","modified_gmt":"2017-03-08T16:28:00","slug":"fahrzeugbeschriftung","status":"publish","type":"page","link":"https:\/\/wtbrueck.de\/?page_id=37","title":{"rendered":"Beschriftungen \/ Fahrzeugbeschriftungen"},"content":{"rendered":"<p>Nutzen Sie Ihren Fuhrpark als Eye-Catcher. Auf Wunsch gestalten Ihnen unsere Designer Ihr Fahrzeug so, dass es ein echter Hingucker wird.<\/p>\n<p>Die <a href=\"#\"><strong>Fahrzeugbeschriftung<\/strong><\/a> duch unsere Werbetechniker kann auch gerne nach Ihren eigenen Entw\u00fcrfen vorgenommen werden. Die hohe Sichtfrequenz tr\u00e4gt Ihr \u00dcbriges dazu bei, um den Bekanntheitsgrad Ihres Unternehmens deutlich zu steigern.<\/p>\n<p><a href=\"#\"><strong>Fahrzeugbeschriftungen<\/strong><\/a>ngg_shortcode_0_placeholderKontaktieren Sie unsere Produktberater telefonisch \u00fcber die <a href=\"#\"><strong>0251 \/ 71 0 22<\/strong><\/a>.<\/p>\n","protected":false},"excerpt":{"rendered":"<p>Nutzen Sie Ihren Fuhrpark als Eye-Catcher. Auf Wunsch gestalten Ihnen unsere Designer Ihr Fahrzeug so, dass es ein echter Hingucker wird. Die Fahrzeugbeschriftung duch unsere Werbetechniker kann auch gerne nach Ihren eigenen Entw\u00fcrfen vorgenommen werden. Die hohe Sichtfrequenz tr\u00e4gt Ihr \u00dcbriges dazu bei, um den Bekanntheitsgrad Ihres Unternehmens deutlich zu<a href=\"https:\/\/wtbrueck.de\/?page_id=37\" class=\"read-more\">Read More&#8230;<\/a><\/p>\n","protected":false},"author":1,"featured_media":0,"parent":0,"menu_order":0,"comment_status":"open","ping_status":"open","template":"","meta":{"ngg_post_thumbnail":0,"footnotes":""},"class_list":["post-37","page","type-page","status-publish","hentry"],"_links":{"self":[{"href":"https:\/\/wtbrueck.de\/index.php?rest_route=\/wp\/v2\/pages\/37","targetHints":{"allow":["GET"]}}],"collection":[{"href":"https:\/\/wtbrueck.de\/index.php?rest_route=\/wp\/v2\/pages"}],"about":[{"href":"https:\/\/wtbrueck.de\/index.php?rest_route=\/wp\/v2\/types\/page"}],"author":[{"embeddable":true,"href":"https:\/\/wtbrueck.de\/index.php?rest_route=\/wp\/v2\/users\/1"}],"replies":[{"embeddable":true,"href":"https:\/\/wtbrueck.de\/index.php?rest_route=%2Fwp%2Fv2%2Fcomments&post=37"}],"version-history":[{"count":12,"href":"https:\/\/wtbrueck.de\/index.php?rest_route=\/wp\/v2\/pages\/37\/revisions"}],"predecessor-version":[{"id":1304,"href":"https:\/\/wtbrueck.de\/index.php?rest_route=\/wp\/v2\/pages\/37\/revisions\/1304"}],"wp:attachment":[{"href":"https:\/\/wtbrueck.de\/index.php?rest_route=%2Fwp%2Fv2%2Fmedia&parent=37"}],"curies":[{"name":"wp","href":"https:\/\/api.w.org\/{rel}","templated":true}]}}