{"id":2339,"date":"2022-05-18T16:32:25","date_gmt":"2022-05-18T14:32:25","guid":{"rendered":"https:\/\/wtbrueck.de\/?page_id=2339"},"modified":"2024-07-01T14:56:37","modified_gmt":"2024-07-01T12:56:37","slug":"sommerlochaktion-fuer-bauzaun-geruest-fahnen-und-masten-inkl-versand-gueltig-bis-31-07-2022","status":"publish","type":"page","link":"https:\/\/wtbrueck.de\/?page_id=2339","title":{"rendered":"Sommerlochaktion f\u00fcr Bauzaun, Ger\u00fcst, Fahnen und Masten inkl. Versand &#8211; g\u00fcltig bis 27.09.2024"},"content":{"rendered":"\n<figure class=\"wp-block-image size-full\"><a href=\"https:\/\/wtbrueck.de\/wp-content\/uploads\/2024\/07\/01_Sommerloch_2024_Bauzaun_Geruest.jpg\"><img loading=\"lazy\" decoding=\"async\" width=\"585\" height=\"1560\" src=\"https:\/\/wtbrueck.de\/wp-content\/uploads\/2024\/07\/01_Sommerloch_2024_Bauzaun_Geruest.jpg\" alt=\"\" class=\"wp-image-2463\" srcset=\"https:\/\/wtbrueck.de\/wp-content\/uploads\/2024\/07\/01_Sommerloch_2024_Bauzaun_Geruest.jpg 585w, https:\/\/wtbrueck.de\/wp-content\/uploads\/2024\/07\/01_Sommerloch_2024_Bauzaun_Geruest-113x300.jpg 113w, https:\/\/wtbrueck.de\/wp-content\/uploads\/2024\/07\/01_Sommerloch_2024_Bauzaun_Geruest-384x1024.jpg 384w, https:\/\/wtbrueck.de\/wp-content\/uploads\/2024\/07\/01_Sommerloch_2024_Bauzaun_Geruest-576x1536.jpg 576w\" sizes=\"auto, (max-width: 585px) 100vw, 585px\" \/><\/a><\/figure>\n\n\n\n<figure class=\"wp-block-image size-full\"><a href=\"https:\/\/wtbrueck.de\/wp-content\/uploads\/2024\/07\/02_Sommerloch_2024_Fahnen_Masten.jpg\"><img loading=\"lazy\" decoding=\"async\" width=\"585\" height=\"1560\" src=\"https:\/\/wtbrueck.de\/wp-content\/uploads\/2024\/07\/02_Sommerloch_2024_Fahnen_Masten.jpg\" alt=\"\" class=\"wp-image-2464\" srcset=\"https:\/\/wtbrueck.de\/wp-content\/uploads\/2024\/07\/02_Sommerloch_2024_Fahnen_Masten.jpg 585w, https:\/\/wtbrueck.de\/wp-content\/uploads\/2024\/07\/02_Sommerloch_2024_Fahnen_Masten-113x300.jpg 113w, https:\/\/wtbrueck.de\/wp-content\/uploads\/2024\/07\/02_Sommerloch_2024_Fahnen_Masten-384x1024.jpg 384w, https:\/\/wtbrueck.de\/wp-content\/uploads\/2024\/07\/02_Sommerloch_2024_Fahnen_Masten-576x1536.jpg 576w\" sizes=\"auto, (max-width: 585px) 100vw, 585px\" \/><\/a><\/figure>\n\n\n\n<p><\/p>\n","protected":false},"excerpt":{"rendered":"","protected":false},"author":9,"featured_media":0,"parent":0,"menu_order":0,"comment_status":"closed","ping_status":"closed","template":"","meta":{"ngg_post_thumbnail":0,"footnotes":""},"class_list":["post-2339","page","type-page","status-publish","hentry"],"_links":{"self":[{"href":"https:\/\/wtbrueck.de\/index.php?rest_route=\/wp\/v2\/pages\/2339","targetHints":{"allow":["GET"]}}],"collection":[{"href":"https:\/\/wtbrueck.de\/index.php?rest_route=\/wp\/v2\/pages"}],"about":[{"href":"https:\/\/wtbrueck.de\/index.php?rest_route=\/wp\/v2\/types\/page"}],"author":[{"embeddable":true,"href":"https:\/\/wtbrueck.de\/index.php?rest_route=\/wp\/v2\/users\/9"}],"replies":[{"embeddable":true,"href":"https:\/\/wtbrueck.de\/index.php?rest_route=%2Fwp%2Fv2%2Fcomments&post=2339"}],"version-history":[{"count":6,"href":"https:\/\/wtbrueck.de\/index.php?rest_route=\/wp\/v2\/pages\/2339\/revisions"}],"predecessor-version":[{"id":2467,"href":"https:\/\/wtbrueck.de\/index.php?rest_route=\/wp\/v2\/pages\/2339\/revisions\/2467"}],"wp:attachment":[{"href":"https:\/\/wtbrueck.de\/index.php?rest_route=%2Fwp%2Fv2%2Fmedia&parent=2339"}],"curies":[{"name":"wp","href":"https:\/\/api.w.org\/{rel}","templated":true}]}}