{"id":1649,"date":"2018-05-25T12:21:55","date_gmt":"2018-05-25T10:21:55","guid":{"rendered":"http:\/\/wtbrueck.de\/?page_id=1649"},"modified":"2018-05-30T10:01:44","modified_gmt":"2018-05-30T08:01:44","slug":"hinweise-zum-datenschutz-neue-eu-datenschutzverordnung-dsgvo","status":"publish","type":"page","link":"https:\/\/wtbrueck.de\/?page_id=1649","title":{"rendered":"Unsere Datenschutzrichtlinien (nach DSGVO)"},"content":{"rendered":"<p>&nbsp;<\/p>\n<p><strong>I. Datenschutz auf einen Blick<\/strong><\/p>\n<p><strong>Allgemeine Hinweise<\/strong><\/p>\n<p>Die folgenden Hinweise geben einen einfachen \u00dcberblick dar\u00fcber, was mit Ihren personenbezogenen Daten passiert, wenn Sie unsere Website besuchen. Personenbezogene Daten sind alle Daten, mit denen Sie pers\u00f6nlich identifiziert werden k\u00f6nnen. Ausf\u00fchrliche Informationen zum Thema Datenschutz entnehmen Sie unserer unter diesem Text aufgef\u00fchrten Datenschutzerkl\u00e4rung.<\/p>\n<p><strong>Wie erfassen wir Ihre Daten?<\/strong><\/p>\n<p>Ihre Daten werden zum einen dadurch erhoben, dass Sie uns diese mitteilen. Hierbei kann es sich z.B. um Daten handeln, die Sie in einen Kontakt eingeben.<\/p>\n<p>Andere Daten werden automatisch beim Besuch der Website durch unsere IT-Systeme erfasst. Das sind vor allem technische Daten (z.B. Internetbrowser, Betriebssystem oder Uhrzeit des Seitenaufrufs). Die Erfassung dieser Daten erfolgt automatisch, sobald Sie unsere Website betreten.<\/p>\n<p><strong>Welche Rechte haben Sie bez\u00fcglich Ihrer Daten?<\/strong><\/p>\n<p>Sie haben jederzeit das Recht unentgeltlich Auskunft \u00fcber Herkunft, Empf\u00e4nger und Zweck Ihrer gespeicherten personenbezogenen Daten zu erhalten. Sie haben au\u00dferdem ein Recht, die Berichtigung, Sperrung oder L\u00f6schung dieser Daten zu verlangen. Hierzu sowie zu weiteren Fragen zum Thema Datenschutz k\u00f6nnen Sie sich jederzeit unter der im Impressum angegebenen Adresse an uns wenden. Des Weiteren steht Ihnen ein Beschwerderecht bei der zust\u00e4ndigen Aufsichtsbeh\u00f6rde zu.<\/p>\n<p>&nbsp;<\/p>\n<p><strong>II. Allgemeine Hinweise und Pflichtinformationen<\/strong><\/p>\n<p><strong>Datenschutz<\/strong><\/p>\n<p>Die Betreiber dieser Seiten nehmen den Schutz Ihrer pers\u00f6nlichen Daten sehr ernst. Wir behandeln Ihre personenbezogenen Daten vertraulich und entsprechend der gesetzlichen Datenschutzvorschriften sowie dieser Datenschutzerkl\u00e4rung.<\/p>\n<p>Wenn Sie diese Website benutzen, werden verschiedene personenbezogene Daten erhoben. Personenbezogene Daten sind Daten, mit denen Sie pers\u00f6nlich identifiziert werden k\u00f6nnen. Die vorliegende Datenschutzerkl\u00e4rung erl\u00e4utert, welche Daten wir erheben und wof\u00fcr wir sie nutzen. Sie erl\u00e4utert auch, wie und zu welchem Zweck das geschieht.<\/p>\n<p>Wir weisen darauf hin, dass die Daten\u00fcbertragung im Internet (z.B. bei der Kommunikation per E-Mail) Sicherheitsl\u00fccken aufweisen kann. Ein l\u00fcckenloser Schutz der Daten vor dem Zugriff durch Dritte ist nicht m\u00f6glich.<\/p>\n<p><strong>Widerruf Ihrer Einwilligung zur Datenverarbeitung<\/strong><\/p>\n<p>Viele Datenverarbeitungsvorg\u00e4nge sind nur mit Ihrer ausdr\u00fccklichen Einwilligung m\u00f6glich. Sie k\u00f6nnen eine bereits erteilte Einwilligung jederzeit widerrufen. Dazu reicht eine formlose Mitteilung per E-Mail an uns. Die Rechtm\u00e4\u00dfigkeit der bis zum Widerruf erfolgten Datenverarbeitung bleibt vom Widerruf unber\u00fchrt.<\/p>\n<p><strong>SSL- bzw. TLS-Verschl\u00fcsselung<\/strong><\/p>\n<p>Diese Seite nutzt aus Sicherheitsgr\u00fcnden und zum Schutz der \u00dcbertragung vertraulicher Inhalte, wie zum Beispiel Bestellungen oder Anfragen, die Sie an uns als Seitenbetreiber senden, eine SSL-bzw. TLS-Verschl\u00fcsselung. Eine verschl\u00fcsselte Verbindung erkennen Sie daran, dass die Adresszeile des Browsers von \u201chttp:\/\/\u201d auf \u201chttps:\/\/\u201d wechselt und an dem Schloss-Symbol in Ihrer Browserzeile.<\/p>\n<p>Wenn die SSL- bzw. TLS-Verschl\u00fcsselung aktiviert ist, k\u00f6nnen die Daten, die Sie an uns \u00fcbermitteln, nicht von Dritten mitgelesen werden.<\/p>\n<p><strong>Auskunft, Sperrung, L\u00f6schung<\/strong><\/p>\n<p>Sie haben im Rahmen der geltenden gesetzlichen Bestimmungen jederzeit das Recht auf unentgeltliche Auskunft \u00fcber Ihre gespeicherten personenbezogenen Daten, deren Herkunft und Empf\u00e4nger und den Zweck der Datenverarbeitung und ggf. ein Recht auf Berichtigung, Sperrung oder L\u00f6schung dieser Daten. Hierzu sowie zu weiteren Fragen zum Thema personenbezogene Daten k\u00f6nnen Sie sich jederzeit unter der im Impressum angegebenen Adresse an uns wenden.<\/p>\n<p>&nbsp;<\/p>\n<p><strong>III. Datenerfassung auf unserer Website<\/strong><\/p>\n<p><strong>Server-Log-Dateien<\/strong><\/p>\n<p>Der Provider der Seiten erhebt und speichert automatisch Informationen in so genannten Server-Log-Dateien, die Ihr Browser automatisch an uns \u00fcbermittelt. Dies sind:<\/p>\n<ul>\n<li>Browsertyp und Browserversion<\/li>\n<li>verwendetes Betriebssystem<\/li>\n<li>Referrer URL<\/li>\n<li>Hostname des zugreifenden Rechners<\/li>\n<li>Uhrzeit der Serveranfrage<\/li>\n<li>IP-Adresse<\/li>\n<\/ul>\n<p>Eine Zusammenf\u00fchrung dieser Daten mit anderen Datenquellen wird nicht vorgenommen.<\/p>\n<p>Grundlage f\u00fcr die Datenverarbeitung ist Art. 6 Abs. 1 lit. f DSGVO, der die Verarbeitung von Daten zur Erf\u00fcllung eines Vertrags oder vorvertraglicher Ma\u00dfnahmen gestattet.<\/p>\n<p><strong>Kontaktformular<\/strong><\/p>\n<p>Im Allgemeinen k\u00f6nnen Sie unsere Website besuchen, ohne uns Ihren Namen oder pers\u00f6nliche Informationen mitzuteilen.<\/p>\n<p>Wir verzichten bewusst auf:<\/p>\n<ul>\n<li>Kontaktformulare<\/li>\n<li>Registrierung<\/li>\n<li>Login-Verfahren<\/li>\n<\/ul>\n<p>Unsere Website soll rein informativ sein.<\/p>\n<p><strong>Registrierung auf dieser Website<\/strong><\/p>\n<p>Im Allgemeinen k\u00f6nnen Sie unsere Website besuchen, ohne uns Ihren Namen oder pers\u00f6nliche Informationen mitzuteilen.<\/p>\n<p>Wir verzichten bewusst auf:<\/p>\n<ul>\n<li>Kontaktformulare<\/li>\n<li>Registrierung<\/li>\n<li>Login-Verfahren<\/li>\n<\/ul>\n<p>Unsere Website soll rein informativ sein.<\/p>\n<p>&nbsp;<\/p>\n<p><strong>IV. Newsletter<\/strong><\/p>\n<p><strong>Newsletter-Anmeldung<\/strong><strong><br \/>\n<\/strong>Sofern Sie nach Art. 6 Abs. 1 S. 1 lit. a DSGVO ausdr\u00fccklich eingewilligt haben, verwenden wir Ihre E-Mail-Adresse daf\u00fcr, Ihnen regelm\u00e4\u00dfig unseren Newsletter zu \u00fcbersenden. F\u00fcr den Empfang des Newsletters erheben und speichern wir lediglich Ihre E-Mail Adresse. Die Angabe Ihres Vor- und Nachnamens ist optional, damit wir Sie im Newsletter mit Namen ansprechen k\u00f6nnen.&nbsp;In diesem Fall erkl\u00e4ren Sie sich damit einverstanden, dass diese Inhalte ausschlie\u00dflich oder nebens\u00e4chlich werbenden Inhalt haben k\u00f6nnen.<\/p>\n","protected":false},"excerpt":{"rendered":"<p>&nbsp; I. Datenschutz auf einen Blick Allgemeine Hinweise Die folgenden Hinweise geben einen einfachen \u00dcberblick dar\u00fcber, was mit Ihren personenbezogenen Daten passiert, wenn Sie unsere Website besuchen. Personenbezogene Daten sind alle Daten, mit denen Sie pers\u00f6nlich identifiziert werden k\u00f6nnen. Ausf\u00fchrliche Informationen zum Thema Datenschutz entnehmen Sie unserer unter diesem Text<a href=\"https:\/\/wtbrueck.de\/?page_id=1649\" class=\"read-more\">Read More&#8230;<\/a><\/p>\n","protected":false},"author":7,"featured_media":0,"parent":0,"menu_order":0,"comment_status":"closed","ping_status":"closed","template":"","meta":{"ngg_post_thumbnail":0,"footnotes":""},"class_list":["post-1649","page","type-page","status-publish","hentry"],"_links":{"self":[{"href":"https:\/\/wtbrueck.de\/index.php?rest_route=\/wp\/v2\/pages\/1649","targetHints":{"allow":["GET"]}}],"collection":[{"href":"https:\/\/wtbrueck.de\/index.php?rest_route=\/wp\/v2\/pages"}],"about":[{"href":"https:\/\/wtbrueck.de\/index.php?rest_route=\/wp\/v2\/types\/page"}],"author":[{"embeddable":true,"href":"https:\/\/wtbrueck.de\/index.php?rest_route=\/wp\/v2\/users\/7"}],"replies":[{"embeddable":true,"href":"https:\/\/wtbrueck.de\/index.php?rest_route=%2Fwp%2Fv2%2Fcomments&post=1649"}],"version-history":[{"count":12,"href":"https:\/\/wtbrueck.de\/index.php?rest_route=\/wp\/v2\/pages\/1649\/revisions"}],"predecessor-version":[{"id":1666,"href":"https:\/\/wtbrueck.de\/index.php?rest_route=\/wp\/v2\/pages\/1649\/revisions\/1666"}],"wp:attachment":[{"href":"https:\/\/wtbrueck.de\/index.php?rest_route=%2Fwp%2Fv2%2Fmedia&parent=1649"}],"curies":[{"name":"wp","href":"https:\/\/api.w.org\/{rel}","templated":true}]}}